{"id":20,"date":"2025-11-16T01:58:22","date_gmt":"2025-11-16T01:58:22","guid":{"rendered":"https:\/\/turismotramal.cl\/?page_id=20"},"modified":"2025-11-16T02:43:30","modified_gmt":"2025-11-16T02:43:30","slug":"acerca-de","status":"publish","type":"page","link":"https:\/\/turismotramal.cl\/","title":{"rendered":"Servicios"},"content":{"rendered":"\n<p><strong>Ofrecemos servicios de transporte tur\u00edstico y de traslado de personal para quienes visitan la Patagonia.<\/strong><br>Contamos con buses equipados y adaptados a las necesidades espec\u00edficas de cada cliente, garantizando comodidad y seguridad en cada viaje.<\/p>\n\n\n\n<p><strong>Cont\u00e1ctanos para solicitar una cotizaci\u00f3n y conocer nuestras opciones de servicio.<\/strong><\/p>\n\n\n\n<figure class=\"wp-block-image size-large\"><img loading=\"lazy\" decoding=\"async\" width=\"1024\" height=\"669\" src=\"https:\/\/turismotramal.cl\/wp-content\/uploads\/2025\/11\/foto-1-pendon-1-1024x669.jpg\" alt=\"\" class=\"wp-image-68\" srcset=\"https:\/\/turismotramal.cl\/wp-content\/uploads\/2025\/11\/foto-1-pendon-1-1024x669.jpg 1024w, https:\/\/turismotramal.cl\/wp-content\/uploads\/2025\/11\/foto-1-pendon-1-300x196.jpg 300w, https:\/\/turismotramal.cl\/wp-content\/uploads\/2025\/11\/foto-1-pendon-1-768x502.jpg 768w, https:\/\/turismotramal.cl\/wp-content\/uploads\/2025\/11\/foto-1-pendon-1.jpg 1224w\" sizes=\"auto, (max-width: 706px) 89vw, (max-width: 767px) 82vw, 740px\" \/><\/figure>\n","protected":false},"excerpt":{"rendered":"<p>Ofrecemos servicios de transporte tur\u00edstico y de traslado de personal para quienes visitan la Patagonia.Contamos con buses equipados y adaptados a las necesidades espec\u00edficas de cada cliente, garantizando comodidad y seguridad en cada viaje. Cont\u00e1ctanos para solicitar una cotizaci\u00f3n y conocer nuestras opciones de servicio.<\/p>\n","protected":false},"author":1,"featured_media":0,"parent":0,"menu_order":0,"comment_status":"closed","ping_status":"closed","template":"","meta":{"footnotes":""},"class_list":["post-20","page","type-page","status-publish","hentry"],"_links":{"self":[{"href":"https:\/\/turismotramal.cl\/index.php\/wp-json\/wp\/v2\/pages\/20","targetHints":{"allow":["GET"]}}],"collection":[{"href":"https:\/\/turismotramal.cl\/index.php\/wp-json\/wp\/v2\/pages"}],"about":[{"href":"https:\/\/turismotramal.cl\/index.php\/wp-json\/wp\/v2\/types\/page"}],"author":[{"embeddable":true,"href":"https:\/\/turismotramal.cl\/index.php\/wp-json\/wp\/v2\/users\/1"}],"replies":[{"embeddable":true,"href":"https:\/\/turismotramal.cl\/index.php\/wp-json\/wp\/v2\/comments?post=20"}],"version-history":[{"count":4,"href":"https:\/\/turismotramal.cl\/index.php\/wp-json\/wp\/v2\/pages\/20\/revisions"}],"predecessor-version":[{"id":69,"href":"https:\/\/turismotramal.cl\/index.php\/wp-json\/wp\/v2\/pages\/20\/revisions\/69"}],"wp:attachment":[{"href":"https:\/\/turismotramal.cl\/index.php\/wp-json\/wp\/v2\/media?parent=20"}],"curies":[{"name":"wp","href":"https:\/\/api.w.org\/{rel}","templated":true}]}}